{"id":2,"date":"2012-09-29T07:47:14","date_gmt":"2012-09-29T05:47:14","guid":{"rendered":"http:\/\/www.herr-nipp.de\/?page_id=2"},"modified":"2015-02-10T08:11:29","modified_gmt":"2015-02-10T07:11:29","slug":"beispiel-seite","status":"publish","type":"page","link":"https:\/\/www.herr-nipp.de\/?page_id=2","title":{"rendered":"Texte"},"content":{"rendered":"<p><a href=\"http:\/\/www.herr-nipp.de\/?attachment_id=18\" rel=\"attachment wp-att-18\"><img loading=\"lazy\" decoding=\"async\" class=\"alignright size-medium wp-image-18\" title=\"2011 aktuelle Bilder 033\" alt=\"\" src=\"http:\/\/www.herr-nipp.de\/wp-content\/uploads\/2012\/01\/2011-aktuelle-Bilder-033-150x400.jpg\" width=\"150\" height=\"400\" srcset=\"https:\/\/www.herr-nipp.de\/wp-content\/uploads\/2012\/01\/2011-aktuelle-Bilder-033-150x400.jpg 150w, https:\/\/www.herr-nipp.de\/wp-content\/uploads\/2012\/01\/2011-aktuelle-Bilder-033-384x1024.jpg 384w, https:\/\/www.herr-nipp.de\/wp-content\/uploads\/2012\/01\/2011-aktuelle-Bilder-033.jpg 432w\" sizes=\"auto, (max-width: 150px) 100vw, 150px\" \/><\/a>In Zukunft werden die Texte \u00fcber Herrn Nipp an dieser Stelle ver\u00f6ffentlicht, es soll so ein Archiv mit zug\u00e4nglichen Texten entstehen, die auch zum Teil in Buchform oder als H\u00f6rbuch ver\u00f6ffentlicht wurden.<\/p>\n<p><a href=\"http:\/\/www.herr-nipp.de\/?p=1353\">Auf und unter Dach (Teil2)<\/a> 14.10.2012<\/p>\n<p><a href=\"http:\/\/www.herr-nipp.de\/?p=1337\">Auf und unter Dach (Teil1)<\/a>\u00a0 13.10.2012<\/p>\n<p><a href=\"http:\/\/www.herr-nipp.de\/?p=1323\">Kurze Rast<\/a>\u00a0\u00a0\u00a0\u00a0\u00a0\u00a0\u00a0\u00a0\u00a0\u00a0\u00a0\u00a0\u00a0\u00a0\u00a0\u00a0\u00a0\u00a0\u00a0\u00a0\u00a0\u00a0\u00a0\u00a0\u00a0\u00a0\u00a0\u00a0\u00a0 12.10.2012<\/p>\n<p><a href=\"http:\/\/www.herr-nipp.de\/?p=1323\">Bookdating<\/a>\u00a0\u00a0\u00a0\u00a0\u00a0\u00a0\u00a0\u00a0\u00a0\u00a0\u00a0\u00a0\u00a0\u00a0\u00a0\u00a0\u00a0\u00a0\u00a0\u00a0\u00a0\u00a0\u00a0\u00a0\u00a0\u00a0\u00a0\u00a0\u00a0 08.10.2012<\/p>\n<p><a href=\"http:\/\/www.herr-nipp.de\/?p=1295\">Zufriedenheit<\/a>\u00a0\u00a0\u00a0\u00a0\u00a0\u00a0\u00a0\u00a0\u00a0\u00a0\u00a0\u00a0\u00a0\u00a0\u00a0\u00a0\u00a0\u00a0\u00a0\u00a0\u00a0\u00a0\u00a0\u00a0\u00a0 07.10.2012<\/p>\n<p><a href=\"http:\/\/www.herr-nipp.de\/?p=1279\">Stehbiertischphilosophen<\/a>\u00a0\u00a0\u00a0\u00a0\u00a0 02.10.2012<\/p>\n<p><a href=\"http:\/\/www.herr-nipp.de\/?p=1035\">wummern<\/a>\u00a0\u00a0\u00a0\u00a0\u00a0\u00a0\u00a0\u00a0\u00a0\u00a0\u00a0\u00a0\u00a0\u00a0\u00a0\u00a0\u00a0\u00a0\u00a0\u00a0\u00a0\u00a0\u00a0\u00a0\u00a0\u00a0\u00a0\u00a0\u00a0\u00a0\u00a0 30.09.2012<\/p>\n<p><a href=\"http:\/\/www.herr-nipp.de\/?p=1233\">Rothaut<\/a>\u00a0\u00a0\u00a0\u00a0\u00a0\u00a0\u00a0\u00a0\u00a0\u00a0\u00a0\u00a0\u00a0\u00a0\u00a0\u00a0\u00a0\u00a0\u00a0\u00a0\u00a0\u00a0\u00a0\u00a0\u00a0\u00a0\u00a0\u00a0\u00a0\u00a0\u00a0\u00a0\u00a0\u00a0\u00a0 28.09.2012<\/p>\n<p><a href=\"http:\/\/www.herr-nipp.de\/?p=1227\">Butter des Waldes<\/a>\u00a0\u00a0\u00a0\u00a0\u00a0\u00a0\u00a0\u00a0\u00a0\u00a0\u00a0\u00a0\u00a0\u00a0\u00a0\u00a0 25.09.2012<\/p>\n<p><a href=\"http:\/\/www.herr-nipp.de\/?p=1213\">Ambrosia<\/a>\u00a0\u00a0\u00a0\u00a0\u00a0\u00a0\u00a0\u00a0\u00a0\u00a0\u00a0\u00a0\u00a0\u00a0\u00a0\u00a0\u00a0\u00a0\u00a0\u00a0\u00a0\u00a0\u00a0\u00a0\u00a0\u00a0\u00a0\u00a0\u00a0\u00a0\u00a0 23.09.2012<\/p>\n<p><a href=\"http:\/\/www.herr-nipp.de\/?p=1203\">Entscheidungen<\/a>\u00a0\u00a0\u00a0\u00a0\u00a0\u00a0\u00a0\u00a0\u00a0\u00a0\u00a0\u00a0\u00a0\u00a0\u00a0\u00a0\u00a0\u00a0\u00a0\u00a0 21.09.2012<\/p>\n<p><a href=\"http:\/\/www.herr-nipp.de\/?p=1192\">Langzeitsponsoring<\/a>\u00a0\u00a0\u00a0\u00a0\u00a0\u00a0\u00a0\u00a0\u00a0\u00a0\u00a0\u00a0\u00a0\u00a0 17.09.2012<\/p>\n<p><a href=\"http:\/\/www.herr-nipp.de\/?p=1179\">Nachklapp<\/a>\u00a0\u00a0\u00a0\u00a0\u00a0\u00a0\u00a0\u00a0\u00a0\u00a0\u00a0\u00a0\u00a0\u00a0\u00a0\u00a0\u00a0\u00a0\u00a0\u00a0\u00a0\u00a0\u00a0\u00a0\u00a0\u00a0\u00a0\u00a0\u00a0 16.09.2012<\/p>\n<p><a href=\"http:\/\/www.herr-nipp.de\/?p=1164\">Handt\u00fccher oder Gang der Dinge<\/a>\u00a0 12.09.2012<\/p>\n<p><a href=\"http:\/\/www.herr-nipp.de\/?p=1142\">Wandverkleidung<\/a>\u00a0\u00a0\u00a0\u00a0\u00a0\u00a0\u00a0\u00a0\u00a0\u00a0\u00a0\u00a0\u00a0\u00a0\u00a0\u00a0 09.09.2012<\/p>\n<p><a href=\"http:\/\/www.herr-nipp.de\/?p=1116\">Installation<\/a>\u00a0\u00a0\u00a0\u00a0\u00a0\u00a0\u00a0\u00a0\u00a0\u00a0\u00a0\u00a0\u00a0\u00a0\u00a0\u00a0\u00a0\u00a0\u00a0\u00a0\u00a0\u00a0\u00a0\u00a0\u00a0\u00a0\u00a0 04.09.2012<\/p>\n<p><a href=\"http:\/\/www.herr-nipp.de\/?p=1107\">Postkartenarten <\/a>\u00a0\u00a0\u00a0\u00a0\u00a0\u00a0\u00a0\u00a0\u00a0\u00a0\u00a0\u00a0\u00a0\u00a0\u00a0\u00a0 04.09.2012<\/p>\n<p><a href=\"http:\/\/www.herr-nipp.de\/?p=1095\">Hinterlassenschaften<\/a>\u00a0\u00a0\u00a0\u00a0\u00a0\u00a0\u00a0\u00a0\u00a0\u00a0 02.09.2012<\/p>\n<p><a href=\"http:\/\/www.herr-nipp.de\/?p=1088\">Hotspottourismus<\/a>\u00a0\u00a0\u00a0\u00a0\u00a0\u00a0\u00a0\u00a0\u00a0\u00a0\u00a0\u00a0\u00a0\u00a0\u00a0\u00a0 29.08.2012<\/p>\n<p><a href=\"http:\/\/www.herr-nipp.de\/?p=1074\">Spuren<\/a>\u00a0\u00a0\u00a0\u00a0\u00a0\u00a0\u00a0\u00a0\u00a0\u00a0\u00a0\u00a0\u00a0\u00a0\u00a0\u00a0\u00a0\u00a0\u00a0\u00a0\u00a0\u00a0\u00a0\u00a0\u00a0\u00a0\u00a0\u00a0\u00a0\u00a0\u00a0\u00a0\u00a0\u00a0\u00a0 28.08.2012<\/p>\n<p><a href=\"http:\/\/www.herr-nipp.de\/?p=1057\">Wettbewerb, unerwartet<\/a>\u00a0\u00a0\u00a0\u00a0 27.08.2012<\/p>\n<p><a href=\"http:\/\/www.herr-nipp.de\/?p=1025\">Geschmackstoffe<\/a>\u00a0\u00a0\u00a0\u00a0\u00a0\u00a0\u00a0\u00a0\u00a0\u00a0\u00a0\u00a0\u00a0\u00a0\u00a0\u00a0\u00a0\u00a0 22.09.2012<\/p>\n<p><a href=\"http:\/\/www.herr-nipp.de\/?p=995\">eins vierundzwanzig<\/a>\u00a0\u00a0\u00a0\u00a0\u00a0\u00a0\u00a0\u00a0\u00a0\u00a0\u00a0 20.08.2012<\/p>\n<p><a href=\"http:\/\/www.herr-nipp.de\/?p=990\">Unwetter<\/a>\u00a0\u00a0\u00a0\u00a0\u00a0\u00a0\u00a0\u00a0\u00a0\u00a0\u00a0\u00a0\u00a0\u00a0\u00a0\u00a0\u00a0\u00a0\u00a0\u00a0\u00a0\u00a0\u00a0\u00a0\u00a0\u00a0\u00a0\u00a0\u00a0\u00a0 19.08.2012<\/p>\n<p><a href=\"http:\/\/www.herr-nipp.de\/?p=927\">Almwanderung<\/a>\u00a0\u00a0\u00a0\u00a0\u00a0\u00a0\u00a0\u00a0\u00a0\u00a0\u00a0\u00a0\u00a0\u00a0\u00a0\u00a0\u00a0\u00a0\u00a0\u00a0 13.08.2012<\/p>\n<p><a href=\"http:\/\/www.herr-nipp.de\/?p=907\">rosafarbener Morgen<\/a>\u00a0\u00a0\u00a0\u00a0\u00a0\u00a0\u00a0\u00a0\u00a0\u00a0 11.08.2012<\/p>\n<p><a href=\"http:\/\/www.herr-nipp.de\/?p=900\">Promibonus<\/a>\u00a0\u00a0\u00a0\u00a0\u00a0\u00a0\u00a0\u00a0\u00a0\u00a0\u00a0\u00a0\u00a0\u00a0\u00a0\u00a0\u00a0\u00a0\u00a0\u00a0\u00a0\u00a0\u00a0\u00a0\u00a0\u00a0 09.08.2012<\/p>\n<p><a href=\"http:\/\/www.herr-nipp.de\/?p=883\">Zwei<\/a>\u00a0\u00a0\u00a0\u00a0\u00a0\u00a0\u00a0\u00a0\u00a0\u00a0\u00a0\u00a0\u00a0\u00a0\u00a0\u00a0\u00a0\u00a0\u00a0\u00a0\u00a0\u00a0\u00a0\u00a0\u00a0\u00a0\u00a0\u00a0\u00a0\u00a0\u00a0\u00a0\u00a0\u00a0\u00a0\u00a0\u00a0\u00a0\u00a0 08.08.2012<\/p>\n<p><a href=\"http:\/\/www.herr-nipp.de\/?p=881\">Fensterrahmen<\/a>\u00a0\u00a0\u00a0\u00a0\u00a0\u00a0\u00a0\u00a0\u00a0\u00a0\u00a0\u00a0\u00a0\u00a0\u00a0\u00a0\u00a0\u00a0\u00a0\u00a0 07.08.2012<\/p>\n<p><a href=\"http:\/\/www.herr-nipp.de\/?p=879\">Vorstellung\u00a0\u00a0\u00a0\u00a0\u00a0\u00a0\u00a0\u00a0\u00a0\u00a0\u00a0\u00a0\u00a0\u00a0\u00a0\u00a0\u00a0\u00a0\u00a0\u00a0\u00a0\u00a0\u00a0\u00a0\u00a0\u00a0\u00a0\u00a0 24.07.2012<\/a><\/p>\n<p><a href=\"http:\/\/www.herr-nipp.de\/?p=862\">Freiheit<\/a>\u00a0\u00a0\u00a0\u00a0\u00a0\u00a0\u00a0\u00a0\u00a0\u00a0\u00a0\u00a0\u00a0\u00a0\u00a0\u00a0\u00a0\u00a0\u00a0\u00a0\u00a0\u00a0\u00a0\u00a0\u00a0\u00a0\u00a0\u00a0\u00a0\u00a0\u00a0\u00a0\u00a0\u00a0 23.07.2012<\/p>\n<p><a href=\"http:\/\/www.herr-nipp.de\/?p=843\">Herbstwind<\/a> \u00a0 \u00a0 \u00a0 \u00a0 \u00a0 \u00a0 \u00a0 \u00a0 \u00a0 \u00a0 \u00a0 \u00a0 \u00a0\u00a0 22.07.2012<\/p>\n<p><a href=\"http:\/\/www.herr-nipp.de\/?p=830\">Sichtopfer<\/a> \u00a0 \u00a0 \u00a0 \u00a0 \u00a0 \u00a0 \u00a0 \u00a0 \u00a0 \u00a0 \u00a0 \u00a0 \u00a0 \u00a0 \u00a0 19.07.2012<\/p>\n<p><a href=\"http:\/\/www.herr-nipp.de\/?p=793\">alt gegen jung<\/a> \u00a0 \u00a0 \u00a0 \u00a0 \u00a0 \u00a0 \u00a0 \u00a0 \u00a0 \u00a0 \u00a0 \u00a0 17.07.2012<\/p>\n<p><a href=\"http:\/\/www.herr-nipp.de\/?p=784\">Ameisen<\/a>\u00a0\u00a0\u00a0\u00a0\u00a0\u00a0\u00a0\u00a0\u00a0\u00a0\u00a0\u00a0\u00a0\u00a0\u00a0\u00a0\u00a0\u00a0\u00a0\u00a0\u00a0\u00a0\u00a0\u00a0\u00a0\u00a0\u00a0\u00a0\u00a0\u00a0\u00a0\u00a0\u00a0 15.07.2012<\/p>\n<p><a href=\"http:\/\/www.herr-nipp.de\/?p=778\">Ehemannzipation<\/a> \u00a0 \u00a0 \u00a0 \u00a0 \u00a0 \u00a0 \u00a0 \u00a0 \u00a0 14.07.2012<\/p>\n<p><a href=\"http:\/\/http:\/\/www.herr-nipp.de\/?p=759\">Notizzettel\u00a0\u00a0\u00a0\u00a0\u00a0\u00a0\u00a0\u00a0\u00a0\u00a0\u00a0\u00a0\u00a0\u00a0\u00a0\u00a0\u00a0\u00a0\u00a0\u00a0\u00a0\u00a0\u00a0\u00a0\u00a0\u00a0\u00a0\u00a0\u00a0\u00a0 <\/a>09.07.2012<\/p>\n<p><a href=\"http:\/\/www.herr-nipp.de\/?p=754\">Vertrauen<\/a> \u00a0 \u00a0 \u00a0 \u00a0 \u00a0 \u00a0 \u00a0 \u00a0 \u00a0 \u00a0 \u00a0 \u00a0 \u00a0 \u00a0 \u00a0 07.07.2012<\/p>\n<p><a href=\"http:\/\/www.herr-nipp.de\/?p=736\">Messevergn\u00fcgen<\/a>\u00a0\u00a0\u00a0\u00a0\u00a0\u00a0\u00a0\u00a0\u00a0\u00a0\u00a0\u00a0\u00a0\u00a0\u00a0\u00a0\u00a0 17.06.2012<\/p>\n<p><a href=\"http:\/\/www.herr-nipp.de\/?p=685\">15 Gebote\u00a0<\/a>\u00a0\u00a0\u00a0\u00a0\u00a0\u00a0\u00a0\u00a0\u00a0\u00a0\u00a0\u00a0\u00a0\u00a0\u00a0\u00a0\u00a0\u00a0\u00a0\u00a0\u00a0\u00a0\u00a0\u00a0\u00a0\u00a0\u00a0\u00a0 15.06.2012<\/p>\n<p><a href=\"http:\/\/www.herr-nipp.de\/?p=635\">Ruhe finden<\/a>\u00a0\u00a0\u00a0\u00a0\u00a0\u00a0\u00a0\u00a0\u00a0\u00a0\u00a0\u00a0\u00a0\u00a0\u00a0\u00a0\u00a0\u00a0\u00a0\u00a0\u00a0\u00a0\u00a0\u00a0\u00a0\u00a0 11.06.2012<\/p>\n<p><a href=\"http:\/\/www.herr-nipp.de\/?p=544\">J\u00e4ger und Sammler<\/a>\u00a0\u00a0\u00a0\u00a0\u00a0\u00a0\u00a0\u00a0\u00a0\u00a0\u00a0\u00a0 20.05.2012<\/p>\n<p><a href=\"http:\/\/www.herr-nipp.de\/?p=470\">Pausensnack<\/a>\u00a0\u00a0\u00a0\u00a0\u00a0\u00a0\u00a0\u00a0\u00a0\u00a0\u00a0\u00a0\u00a0\u00a0\u00a0\u00a0\u00a0\u00a0\u00a0\u00a0\u00a0\u00a0\u00a0\u00a0 05.05.2012<\/p>\n<p><a href=\"http:\/\/www.editiondaslabor.de\/blog\/?p=2722\">Fliege (um 2003)<\/a>\u00a0\u00a0\u00a0\u00a0\u00a0\u00a0\u00a0\u00a0\u00a0\u00a0\u00a0\u00a0\u00a0\u00a0\u00a0\u00a0 30.04.2012<\/p>\n<p><a href=\"http:\/\/www.herr-nipp.de\/?p=444\">Auf Anrufe warten<\/a>\u00a0\u00a0\u00a0\u00a0\u00a0\u00a0\u00a0\u00a0\u00a0\u00a0\u00a0\u00a0\u00a0\u00a0 30.04.2012<\/p>\n<p><a href=\"http:\/\/www.herr-nipp.de\/?p=427\">Invasion\u00e4r<\/a>\u00a0\u00a0\u00a0\u00a0\u00a0\u00a0\u00a0\u00a0\u00a0\u00a0\u00a0\u00a0\u00a0\u00a0\u00a0\u00a0\u00a0\u00a0\u00a0\u00a0\u00a0\u00a0\u00a0\u00a0\u00a0\u00a0\u00a0\u00a0 27.04.2012<\/p>\n<p><a href=\"http:\/\/www.editiondaslabor.de\/blog\/?p=3663\">Schattenwurf<\/a>\u00a0\u00a0\u00a0\u00a0\u00a0\u00a0\u00a0\u00a0\u00a0\u00a0\u00a0\u00a0\u00a0\u00a0\u00a0\u00a0\u00a0\u00a0\u00a0\u00a0\u00a0\u00a0\u00a0 23.04.2012<\/p>\n<p><a href=\"http:\/\/www.editiondaslabor.de\/blog\/?p=2787\">Schmacht<\/a>\u00a0\u00a0\u00a0\u00a0\u00a0\u00a0\u00a0\u00a0\u00a0\u00a0\u00a0\u00a0\u00a0\u00a0\u00a0\u00a0\u00a0\u00a0\u00a0\u00a0\u00a0\u00a0\u00a0\u00a0\u00a0\u00a0\u00a0\u00a0\u00a0\u00a0 10.04.2012<\/p>\n<p><a href=\"http:\/\/www.editiondaslabor.de\/blog\/?p=2784\">Rauchen<\/a>\u00a0\u00a0\u00a0\u00a0\u00a0\u00a0\u00a0\u00a0\u00a0\u00a0\u00a0\u00a0\u00a0\u00a0\u00a0\u00a0\u00a0\u00a0\u00a0\u00a0\u00a0\u00a0\u00a0\u00a0\u00a0\u00a0\u00a0\u00a0\u00a0\u00a0\u00a0\u00a0 07.04.2012<\/p>\n<p><a href=\"http:\/\/www.editiondaslabor.de\/blog\/?p=2778\">V\u00f6gel<\/a>\u00a0\u00a0\u00a0\u00a0\u00a0\u00a0\u00a0\u00a0\u00a0\u00a0\u00a0\u00a0\u00a0\u00a0\u00a0\u00a0\u00a0\u00a0\u00a0\u00a0\u00a0\u00a0\u00a0\u00a0\u00a0\u00a0\u00a0\u00a0\u00a0\u00a0\u00a0\u00a0\u00a0\u00a0\u00a0\u00a0\u00a0 05.04.2012<\/p>\n<p><a href=\"http:\/\/www.editiondaslabor.de\/blog\/?p=2770\">zuf\u00e4llig aufgezeichnet<\/a>\u00a0\u00a0\u00a0\u00a0\u00a0\u00a0\u00a0\u00a0\u00a0 02.04.2012<\/p>\n<p><a href=\"http:\/\/www.editiondaslabor.de\/blog\/?p=2736\">Hubschrauber<\/a>\u00a0\u00a0\u00a0\u00a0\u00a0\u00a0\u00a0\u00a0\u00a0\u00a0\u00a0\u00a0\u00a0\u00a0\u00a0\u00a0\u00a0\u00a0\u00a0\u00a0\u00a0 25.03.2012<\/p>\n<p><a href=\"http:\/\/www.editiondaslabor.de\/blog\/?p=2838\">o.T.\u00a0\u00a0\u00a0\u00a0\u00a0<\/a>\u00a0\u00a0\u00a0\u00a0\u00a0\u00a0\u00a0\u00a0\u00a0\u00a0\u00a0\u00a0\u00a0\u00a0\u00a0\u00a0\u00a0\u00a0\u00a0\u00a0\u00a0\u00a0\u00a0\u00a0\u00a0\u00a0\u00a0\u00a0\u00a0\u00a0\u00a0\u00a0\u00a0\u00a0\u00a0 23.03.2012<\/p>\n<p><a href=\"http:\/\/www.editiondaslabor.de\/blog\/?p=2838\">Edition Fu\u00dfboden (1998)<\/a>\u00a0\u00a0\u00a0\u00a023.03.2012<\/p>\n<p><a href=\"http:\/\/www.editiondaslabor.de\/blog\/?p=2725\">Baden (um 2003)<\/a>\u00a0\u00a0\u00a0\u00a0\u00a0\u00a0\u00a0\u00a0\u00a0\u00a0\u00a0\u00a0\u00a0\u00a0\u00a0\u00a0 21.03.2012<\/p>\n<p><a href=\"http:\/\/www.editiondaslabor.de\/blog\/?p=2718\">Wein (um 2003)<\/a>\u00a0\u00a0\u00a0\u00a0\u00a0\u00a0\u00a0\u00a0\u00a0\u00a0\u00a0\u00a0\u00a0\u00a0\u00a0\u00a0\u00a0\u00a0\u00a018.03.2012<\/p>\n<p><a href=\"http:\/\/www.editiondaslabor.de\/blog\/?p=2683\">Herr Nipp (erster Text 1994)<\/a> 17.03.2012<\/p>\n<p><a href=\"http:\/\/www.editiondaslabor.de\/blog\/?p=2177\">Bettgefl\u00fcster<\/a>\u00a0\u00a0\u00a0\u00a0\u00a0\u00a0\u00a0\u00a0\u00a0\u00a0\u00a0\u00a0\u00a0\u00a0\u00a0\u00a0\u00a0\u00a0\u00a0\u00a0\u00a0\u00a0\u00a0\u00a0 05.03.2013<\/p>\n<p><a href=\"http:\/\/www.editiondaslabor.de\/blog\/?p=2129\">Hallenbadheizungsprinzip<\/a> \u00a0 02.03.2012<\/p>\n<p><a href=\"http:\/\/www.editiondaslabor.de\/blog\/?p=2098\">Versuch und Zustimmung<\/a>\u00a0\u00a0 01.03.2012<\/p>\n<p><a href=\"http:\/\/www.editiondaslabor.de\/blog\/?p=1902\">Mindestens 70% <\/a>\u00a0\u00a0\u00a0\u00a0\u00a0\u00a0\u00a0\u00a0\u00a0\u00a0\u00a0\u00a0\u00a0\u00a0\u00a0\u00a0\u00a0 28.02.2012<\/p>\n<p><a href=\"http:\/\/www.editiondaslabor.de\/blog\/?p=1779\">Fr\u00fchlingsfund<\/a>\u00a0\u00a0\u00a0\u00a0\u00a0\u00a0\u00a0\u00a0\u00a0\u00a0\u00a0\u00a0\u00a0\u00a0\u00a0\u00a0\u00a0\u00a0\u00a0\u00a0\u00a0\u00a0\u00a0 27.02.2012<\/p>\n<p><a href=\"http:\/\/www.editiondaslabor.de\/blog\/?p=1457\">Gem\u00fcse\u00a0\u00a0\u00a0<\/a>\u00a0\u00a0\u00a0\u00a0\u00a0\u00a0\u00a0\u00a0\u00a0\u00a0\u00a0\u00a0\u00a0\u00a0\u00a0\u00a0\u00a0\u00a0\u00a0\u00a0\u00a0\u00a0\u00a0\u00a0\u00a0\u00a0\u00a0\u00a0\u00a0\u00a0 14.02.2012<\/p>\n<p><a href=\"http:\/\/www.editiondaslabor.de\/blog\/?p=1386\">Vibrationen<\/a>\u00a0\u00a0\u00a0\u00a0\u00a0\u00a0\u00a0\u00a0\u00a0\u00a0\u00a0\u00a0\u00a0\u00a0\u00a0\u00a0\u00a0\u00a0\u00a0\u00a0\u00a0\u00a0\u00a0\u00a0\u00a0\u00a0\u00a0 13.02.2012<\/p>\n<p><a href=\"http:\/\/www.editiondaslabor.de\/blog\/?p=1379\">Fingerspitzengef\u00fchl<\/a>\u00a0\u00a0\u00a0\u00a0\u00a0\u00a0\u00a0\u00a0\u00a0\u00a0\u00a0\u00a0\u00a0 12.02.2012<\/p>\n<p><a href=\"http:\/\/www.editiondaslabor.de\/blog\/?p=1338\">Rundgang 2012<\/a>\u00a0\u00a0\u00a0\u00a0\u00a0\u00a0\u00a0\u00a0\u00a0\u00a0\u00a0\u00a0\u00a0\u00a0\u00a0\u00a0\u00a0\u00a0\u00a0\u00a0 11.02.2012<\/p>\n<p><a href=\"http:\/\/www.editiondaslabor.de\/blog\/?p=1297\">Passive Intelligenz<\/a>\u00a0\u00a0\u00a0\u00a0\u00a0\u00a0\u00a0\u00a0\u00a0\u00a0\u00a0\u00a0\u00a0\u00a0\u00a0 10.02.2012<\/p>\n<p><a href=\"http:\/\/www.editiondaslabor.de\/blog\/?p=1269\">Keine Karos<\/a>\u00a0\u00a0\u00a0\u00a0\u00a0\u00a0\u00a0\u00a0\u00a0\u00a0\u00a0\u00a0\u00a0\u00a0\u00a0\u00a0\u00a0\u00a0\u00a0\u00a0\u00a0\u00a0\u00a0\u00a0\u00a0\u00a0 09.02.2012<\/p>\n<p><a href=\"http:\/\/www.editiondaslabor.de\/blog\/?p=1217\">Hallenbadkunst<\/a> \u00a0 \u00a0 \u00a0 \u00a0 \u00a0 \u00a0 \u00a0 \u00a0 \u00a0 \u00a0 07.02.2012<\/p>\n<p><a href=\"http:\/\/www.editiondaslabor.de\/blog\/?p=1063\">Hustenreiz<\/a>\u00a0\u00a0\u00a0\u00a0\u00a0\u00a0\u00a0\u00a0\u00a0\u00a0\u00a0\u00a0\u00a0\u00a0\u00a0\u00a0\u00a0\u00a0\u00a0\u00a0\u00a0 \u00a0 \u00a0 \u00a0\u00a0 04.02.2012<\/p>\n<p>&nbsp;<\/p>\n","protected":false},"excerpt":{"rendered":"<p>In Zukunft werden die Texte \u00fcber Herrn Nipp an dieser Stelle ver\u00f6ffentlicht, es soll so ein Archiv mit zug\u00e4nglichen Texten entstehen, die auch zum Teil in Buchform oder als H\u00f6rbuch ver\u00f6ffentlicht wurden. Auf und unter Dach (Teil2) 14.10.2012 Auf und &hellip; <a href=\"https:\/\/www.herr-nipp.de\/?page_id=2\">Weiterlesen <span class=\"meta-nav\">&rarr;<\/span><\/a><\/p>\n","protected":false},"author":1,"featured_media":0,"parent":2024,"menu_order":0,"comment_status":"closed","ping_status":"closed","template":"","meta":{"footnotes":""},"class_list":["post-2","page","type-page","status-publish","hentry"],"_links":{"self":[{"href":"https:\/\/www.herr-nipp.de\/index.php?rest_route=\/wp\/v2\/pages\/2","targetHints":{"allow":["GET"]}}],"collection":[{"href":"https:\/\/www.herr-nipp.de\/index.php?rest_route=\/wp\/v2\/pages"}],"about":[{"href":"https:\/\/www.herr-nipp.de\/index.php?rest_route=\/wp\/v2\/types\/page"}],"author":[{"embeddable":true,"href":"https:\/\/www.herr-nipp.de\/index.php?rest_route=\/wp\/v2\/users\/1"}],"replies":[{"embeddable":true,"href":"https:\/\/www.herr-nipp.de\/index.php?rest_route=%2Fwp%2Fv2%2Fcomments&post=2"}],"version-history":[{"count":74,"href":"https:\/\/www.herr-nipp.de\/index.php?rest_route=\/wp\/v2\/pages\/2\/revisions"}],"predecessor-version":[{"id":4469,"href":"https:\/\/www.herr-nipp.de\/index.php?rest_route=\/wp\/v2\/pages\/2\/revisions\/4469"}],"up":[{"embeddable":true,"href":"https:\/\/www.herr-nipp.de\/index.php?rest_route=\/wp\/v2\/pages\/2024"}],"wp:attachment":[{"href":"https:\/\/www.herr-nipp.de\/index.php?rest_route=%2Fwp%2Fv2%2Fmedia&parent=2"}],"curies":[{"name":"wp","href":"https:\/\/api.w.org\/{rel}","templated":true}]}}